{"id":979,"date":"2022-04-06T12:57:46","date_gmt":"2022-04-06T09:57:46","guid":{"rendered":"https:\/\/vlakita.com\/en\/?post_type=product&#038;p=979"},"modified":"2022-04-28T16:08:24","modified_gmt":"2022-04-28T13:08:24","slug":"safety-couplings-with-elastomer-spider-as-compensating-element","status":"publish","type":"product","link":"https:\/\/vlakita.com\/lt\/product\/safety-couplings-with-elastomer-spider-as-compensating-element\/","title":{"rendered":"Apsaugin\u0117s movos su elastomero \u012fd\u0117klu kaip kompensacinis elementas"},"content":{"rendered":"<p>Produkt\u0173 asortimentas:<\/p>\n<p>KBK\/EPP mova:<\/p>\n<p>Apsaugin\u0117 sankaba;<br \/>\nVeleno skersmuo: 6-55mm;<br \/>\nSukimo momento diapazonas: 3-500 Nm.<\/p>\n<p>KBK\/EPK mova:<\/p>\n<p>Apsaugin\u0117 sankaba;<br \/>\nVeleno skersmuo: 6-56mm;<br \/>\nSukimo momento diapazonas: 3-500 Nm.<\/p>\n<p>KBK\/EPI mova:<\/p>\n<p>Apsaugin\u0117 sankaba;<br \/>\nVeleno skersmuo: 6-55mm;<br \/>\nSukimo momento diapazonas: 3-500 Nm.<\/p>\n<p>KBK\/EPA mova:<\/p>\n<p>Apsaugin\u0117 sankaba;<br \/>\nVeleno skersmuo: 5-55mm;<br \/>\nSukimo momento diapazonas: 3-500 Nm.<\/p>\n<p>KBK\/EKP mova:<\/p>\n<p>Apsaugin\u0117 sankaba;<br \/>\nVeleno skersmuo: 4-50mm;<br \/>\nSukimo momento diapazonas: 3-500 Nm.<\/p>\n<p>KBK\/EKK mova:<\/p>\n<p>Apsaugin\u0117 sankaba;<br \/>\nVeleno skersmuo: 4-56mm;<br \/>\nSukimo momento diapazonas: 3-500 Nm.<\/p>\n<p>KBK\/EKI mova:<\/p>\n<p>Apsaugin\u0117 sankaba;<br \/>\nVeleno skersmuo: 4-55mm;<br \/>\nSukimo momento diapazonas: 3-500 Nm.<\/p>\n<p>KBK\/EKA mova:<\/p>\n<p>Apsaugin\u0117 sankaba;<br \/>\nVeleno skersmuo: 4-55mm;<br \/>\nSukimo momento diapazonas: 3-500 Nm.<\/p>\n<p>KBK\/EHH mova:<\/p>\n<p>Apsaugin\u0117 sankaba;<br \/>\nVeleno skersmuo: 4-65mm;<br \/>\nSukimo momento diapazonas: 12,5-500 Nm.<\/p>\n<p>KBK\/EAP mova:<\/p>\n<p>Apsaugin\u0117 sankaba;<br \/>\nVeleno skersmuo: 6-50mm;<br \/>\nSukimo momento diapazonas: 3-500 Nm.<\/p>\n<p>KBK\/EAK mova:<\/p>\n<p>Apsaugin\u0117 sankaba;<br \/>\nVeleno skersmuo: 6-56mm;<br \/>\nSukimo momento diapazonas: 3-500 Nm.<\/p>\n<p>KBK\/EAI mova:<\/p>\n<p>Apsaugin\u0117 sankaba;<br \/>\nVeleno skersmuo: 6-55mm;<br \/>\nSukimo momento diapazonas: 3-500 Nm.<\/p>\n<p>KBK\/EAA mova:<\/p>\n<p>Apsaugin\u0117 sankaba;<br \/>\nVeleno skersmuo: 6-55mm;<br \/>\nSukimo momento diapazonas: 3-500 Nm.<\/p>\n","protected":false},"excerpt":{"rendered":"<p>Produkt\u0173 asortimentas: KBK\/EPP mova: Apsaugin\u0117 sankaba; Veleno skersmuo: 6-55mm; Sukimo momento diapazonas: 3-500 Nm. KBK\/EPK mova: Apsaugin\u0117 sankaba; Veleno skersmuo: 6-56mm; Sukimo momento diapazonas: 3-500 Nm. KBK\/EPI mova: Apsaugin\u0117 sankaba; Veleno skersmuo: 6-55mm; Sukimo momento diapazonas: 3-500 Nm. KBK\/EPA mova: Apsaugin\u0117 sankaba; Veleno skersmuo: 5-55mm; Sukimo momento diapazonas: 3-500 Nm. KBK\/EKP mova: Apsaugin\u0117 sankaba; Veleno [&hellip;]<\/p>\n","protected":false},"featured_media":980,"template":"","meta":{"inline_featured_image":false,"_vp_format_video_url":"","_vp_image_focal_point":[]},"class_list":{"0":"post-979","1":"product","2":"type-product","3":"status-publish","4":"has-post-thumbnail","6":"product_cat-mufty-kbk","7":"product_cat-mufty","9":"first","10":"instock","11":"shipping-taxable","12":"product-type-simple"},"acf":[],"aioseo_notices":[],"_links":{"self":[{"href":"https:\/\/vlakita.com\/lt\/wp-json\/wp\/v2\/product\/979"}],"collection":[{"href":"https:\/\/vlakita.com\/lt\/wp-json\/wp\/v2\/product"}],"about":[{"href":"https:\/\/vlakita.com\/lt\/wp-json\/wp\/v2\/types\/product"}],"wp:featuredmedia":[{"embeddable":true,"href":"https:\/\/vlakita.com\/lt\/wp-json\/wp\/v2\/media\/980"}],"wp:attachment":[{"href":"https:\/\/vlakita.com\/lt\/wp-json\/wp\/v2\/media?parent=979"}],"curies":[{"name":"wp","href":"https:\/\/api.w.org\/{rel}","templated":true}]}}