{"id":977,"date":"2022-04-05T16:17:48","date_gmt":"2022-04-05T13:17:48","guid":{"rendered":"https:\/\/vlakita.com\/en\/?post_type=product&#038;p=977"},"modified":"2022-04-28T18:01:38","modified_gmt":"2022-04-28T15:01:38","slug":"safety-couplings-with-metal-bellow-as-compensating-element-2","status":"publish","type":"product","link":"https:\/\/vlakita.com\/lt\/product\/safety-couplings-with-metal-bellow-as-compensating-element-2\/","title":{"rendered":"Apsaugin\u0117s movos su metalin\u0117mis dumpl\u0117mis kaip kompensacinis elementas"},"content":{"rendered":"<p>Produkt\u0173 asortimentas:<\/p>\n<p>KBK\/BKK mova:<\/p>\n<p>Apsaugin\u0117 sankaba;<br \/>\nVeleno skersmuo: 3-70mm;<br \/>\nSukimo momento diapazonas: 0,2 &#8211; 500 Nm.<\/p>\n<p>KBK\/BKI mova:<\/p>\n<p>Apsaugin\u0117 sankaba;<br \/>\nVeleno skersmuo: 6-70mm;<br \/>\nSukimo momento diapazonas: 3 &#8211; 500 Nm.<\/p>\n<p>KBK\/BKA mova:<\/p>\n<p>Apsaugin\u0117 sankaba;<br \/>\nVeleno skersmuo: 6-75mm;<br \/>\nSukimo momento diapazonas: 3 &#8211; 500 Nm.<\/p>\n<p>KBK\/BHH mova:<\/p>\n<p>Apsaugin\u0117 mova su nuimamomis stebul\u0117mis;<br \/>\nVeleno skersmuo: 6-65mm;<br \/>\nSukimo momento diapazonas: 3 &#8211; 500 Nm.<\/p>\n<p>KBK\/BKPK mova:<\/p>\n<p>Apsaugin\u0117 sankaba su \u012fvor\u0117mis, a\u0161iniu b\u016bdu u\u017esegama;<br \/>\nVeleno skersmuo: 3-70mm;<br \/>\nSukimo momento diapazonas: 0,2-500 Nm.<\/p>\n<p>KBK\/BKPI mova:<\/p>\n<p>Apsaugin\u0117 mova su vidiniu k\u016bgiu, \u012fki\u0161ama a\u0161ine kryptimi;<br \/>\nVeleno skersmuo: 6-70mm;<br \/>\nSukimo momento diapazonas: 3-500 Nm.<\/p>\n<p>KBK\/BKPA mova:<\/p>\n<p>Apsaugin\u0117 mova su i\u0161oriniu k\u016bgiu, \u012fki\u0161ama a\u0161ine kryptimi;<br \/>\nVeleno skersmuo: 6-70mm;<br \/>\nSukimo momento diapazonas: 3 &#8211; 500 Nm.<\/p>\n<p>KBK\/BIK mova:<\/p>\n<p>Apsaugin\u0117 sankaba;<br \/>\nVeleno skersmuo: 6-55mm;<br \/>\nSukimo momento diapazonas: 3-500 Nm.<\/p>\n<p>KBK\/BII mova:<\/p>\n<p>Apsaugin\u0117 sankaba;<br \/>\nVeleno skersmuo: 6-70mm;<br \/>\nSukimo momento diapazonas: 3 &#8211; 1400 Nm.<\/p>\n<p>KBK\/BIA mova:<\/p>\n<p>Apsaugin\u0117 sankaba;<br \/>\nVeleno skersmuo: 6-70mm;<br \/>\nSukimo momento diapazonas: 3-1400 Nm.<\/p>\n<p>KBK\/BAK mova:<\/p>\n<p>Apsaugin\u0117 sankaba;<br \/>\nVeleno skersmuo: 6-56mm;<br \/>\nSukimo momento diapazonas: 3-500 Nm.<\/p>\n<p>KBK\/BAI mova:<\/p>\n<p>Apsaugin\u0117 sankaba;<br \/>\nVeleno skersmuo: 5-70mm;<br \/>\nSukimo momento diapazonas: 3 &#8211; 1400 Nm.<\/p>\n<p>KBK\/BAA mova:<\/p>\n<p>Apsaugin\u0117 sankaba;<br \/>\nVeleno skersmuo: 5-70mm;<br \/>\nSukimo momento diapazonas: 3-1400 Nm.<\/p>\n","protected":false},"excerpt":{"rendered":"<p>D\u0117l kompensacinio elemento panaudotos metalin\u0117s dumpl\u0117s, \u0161ios jungtys apsaugo abiejuose velen\u0173 galuose esan\u010dius servo \u012frenginius be tarpo ir labai tiksl\u016bs. Modulin\u0117 sistema si\u016blo daugyb\u0119 versij\u0173, kad b\u016bt\u0173 galima pritaikyti tinkam\u0105 apsaugin\u0119 sankab\u0105 kiekvienam pritaikymui.<\/p>\n","protected":false},"featured_media":969,"template":"","meta":{"inline_featured_image":false,"_vp_format_video_url":"","_vp_image_focal_point":[]},"class_list":{"0":"post-977","1":"product","2":"type-product","3":"status-publish","4":"has-post-thumbnail","6":"product_cat-mufty-kbk","7":"product_cat-mufty","9":"first","10":"instock","11":"shipping-taxable","12":"product-type-simple"},"acf":[],"aioseo_notices":[],"_links":{"self":[{"href":"https:\/\/vlakita.com\/lt\/wp-json\/wp\/v2\/product\/977"}],"collection":[{"href":"https:\/\/vlakita.com\/lt\/wp-json\/wp\/v2\/product"}],"about":[{"href":"https:\/\/vlakita.com\/lt\/wp-json\/wp\/v2\/types\/product"}],"wp:featuredmedia":[{"embeddable":true,"href":"https:\/\/vlakita.com\/lt\/wp-json\/wp\/v2\/media\/969"}],"wp:attachment":[{"href":"https:\/\/vlakita.com\/lt\/wp-json\/wp\/v2\/media?parent=977"}],"curies":[{"name":"wp","href":"https:\/\/api.w.org\/{rel}","templated":true}]}}