{"id":973,"date":"2022-04-05T15:32:14","date_gmt":"2022-04-05T12:32:14","guid":{"rendered":"https:\/\/vlakita.com\/en\/?post_type=product&#038;p=973"},"modified":"2022-04-28T16:22:25","modified_gmt":"2022-04-28T13:22:25","slug":"safety-couplings-with-slide-bearings","status":"publish","type":"product","link":"https:\/\/vlakita.com\/lt\/product\/safety-couplings-with-slide-bearings\/","title":{"rendered":"Apsaugin\u0117s sankabos su moviniais guoliais"},"content":{"rendered":"<p>Produkt\u0173 asortimentas:<\/p>\n<p>KBK\/CP mova:<\/p>\n<p>Apsaugin\u0117s sankabos;<br \/>\nVeleno skersmuo: 6-42mm;<br \/>\nSukimo momento diapazonas: 3-500 Nm.<\/p>\n<p>KBK\/CK mova:<\/p>\n<p>Apsaugin\u0117s sankabos;<br \/>\nVeleno skersmuo: 3-50mm;<br \/>\nSukimo momento diapazonas: 0,2-500 Nm.<\/p>\n<p>KBK\/CI mova:<\/p>\n<p>Apsaugin\u0117s sankabos;<br \/>\nVeleno skersmuo: 6-50mm;<br \/>\nSukimo momento diapazonas: 3-500 Nm.<\/p>\n<p>KBK\/CA mova:<\/p>\n<p>Apsaugin\u0117s sankabos;<br \/>\nVeleno skersmuo: 5-50mm;<br \/>\nSukimo momento diapazonas: 3-500 Nm.<\/p>\n","protected":false},"excerpt":{"rendered":"<p>Apsaugin\u0117s sankabos su moviniais guoliais buvo specialiai sukurtos kompakti\u0161kos pavaros technologijai. Palyginti su versijomis su ried\u0117jimo guoliais, galima naudoti ma\u017eesn\u012f centravimo skersmen\u012f ir ma\u017eesn\u012f sriegin\u0117s angos \u017eingsnio rat\u0105.<\/p>\n","protected":false},"featured_media":974,"template":"","meta":{"inline_featured_image":false,"_vp_format_video_url":"","_vp_image_focal_point":[]},"class_list":{"0":"post-973","1":"product","2":"type-product","3":"status-publish","4":"has-post-thumbnail","6":"product_cat-mufty-kbk","7":"product_cat-mufty","9":"first","10":"instock","11":"shipping-taxable","12":"product-type-simple"},"acf":[],"aioseo_notices":[],"_links":{"self":[{"href":"https:\/\/vlakita.com\/lt\/wp-json\/wp\/v2\/product\/973"}],"collection":[{"href":"https:\/\/vlakita.com\/lt\/wp-json\/wp\/v2\/product"}],"about":[{"href":"https:\/\/vlakita.com\/lt\/wp-json\/wp\/v2\/types\/product"}],"wp:featuredmedia":[{"embeddable":true,"href":"https:\/\/vlakita.com\/lt\/wp-json\/wp\/v2\/media\/974"}],"wp:attachment":[{"href":"https:\/\/vlakita.com\/lt\/wp-json\/wp\/v2\/media?parent=973"}],"curies":[{"name":"wp","href":"https:\/\/api.w.org\/{rel}","templated":true}]}}