{"id":964,"date":"2022-04-05T09:43:24","date_gmt":"2022-04-05T06:43:24","guid":{"rendered":"https:\/\/vlakita.com\/en\/?post_type=product&#038;p=964"},"modified":"2022-04-28T16:36:06","modified_gmt":"2022-04-28T13:36:06","slug":"rigid-shaft-coupplings","status":"publish","type":"product","link":"https:\/\/vlakita.com\/lt\/product\/rigid-shaft-coupplings\/","title":{"rendered":"Stand\u017eios movos"},"content":{"rendered":"<p>Produkt\u0173 asortimentas:<\/p>\n<p>KBST mova:<\/p>\n<p>Tvirta veleno mova, nuimama;<br \/>\nVeleno skersmuo: 6-50mm;<br \/>\nSukimo momento diapazonas: 30-2250 Nm.<\/p>\n<p>KBST-VA mova:<\/p>\n<p>Tvirta veleno mova su vienu pj\u016bviu i\u0161 ner\u016bdijan\u010dio plieno;<br \/>\nVeleno skersmuo: 6-50mm;<br \/>\nSukimo momento diapazonas: 25-1875 Nm.<\/p>\n<p>KBST-G mova:<\/p>\n<p>Tvirta veleno mova, nuimama;<br \/>\nVeleno skersmuo: 5-52mm;<br \/>\nSukimo momento diapazonas: 30-2250 Nm.<\/p>\n<p>KBST-G-VA mova:<\/p>\n<p>Tvirta veleno mova, nuimama, ner\u016bdijan\u010dio plieno;<br \/>\nVeleno skersmuo: 5-52mm;<br \/>\nSukimo momento diapazonas: 25-1875 Nm.<\/p>\n","protected":false},"excerpt":{"rendered":"<p>Stand\u017eios movos yra ma\u017ei kompakti\u0161ki \u012frenginiai, skirti didelio sukimo momento perdavimui ma\u017eiausioje erdv\u0117je. \u0160io tipo mova naudojama sujungti kelis velenus arba supaprastinti montavim\u0105, pavyzd\u017eiui, naudoti mai\u0161ytuvuose.<\/p>\n","protected":false},"featured_media":965,"template":"","meta":{"inline_featured_image":false,"_vp_format_video_url":"","_vp_image_focal_point":[]},"class_list":{"0":"post-964","1":"product","2":"type-product","3":"status-publish","4":"has-post-thumbnail","6":"product_cat-mufty-kbk","7":"product_cat-mufty","9":"first","10":"instock","11":"shipping-taxable","12":"product-type-simple"},"acf":[],"aioseo_notices":[],"_links":{"self":[{"href":"https:\/\/vlakita.com\/lt\/wp-json\/wp\/v2\/product\/964"}],"collection":[{"href":"https:\/\/vlakita.com\/lt\/wp-json\/wp\/v2\/product"}],"about":[{"href":"https:\/\/vlakita.com\/lt\/wp-json\/wp\/v2\/types\/product"}],"wp:featuredmedia":[{"embeddable":true,"href":"https:\/\/vlakita.com\/lt\/wp-json\/wp\/v2\/media\/965"}],"wp:attachment":[{"href":"https:\/\/vlakita.com\/lt\/wp-json\/wp\/v2\/media?parent=964"}],"curies":[{"name":"wp","href":"https:\/\/api.w.org\/{rel}","templated":true}]}}