{"id":960,"date":"2022-04-05T09:07:57","date_gmt":"2022-04-05T06:07:57","guid":{"rendered":"https:\/\/vlakita.com\/en\/?post_type=product&#038;p=960"},"modified":"2022-04-28T16:42:44","modified_gmt":"2022-04-28T13:42:44","slug":"slit-couplings","status":"publish","type":"product","link":"https:\/\/vlakita.com\/lt\/product\/slit-couplings\/","title":{"rendered":"Ply\u0161in\u0117s movos"},"content":{"rendered":"<p>Produkt\u0173 asortimentas:<\/p>\n<p>KBFK mova:<\/p>\n<p>Ply\u0161in\u0117s movos su \u012fvor\u0117mis spaustukais;<br \/>\nVeleno skersmenims: 3 mm\u201340 mm;<br \/>\nSukimo momento diapazonas: 3 &#8211; 240 Nm.<\/p>\n<p>KBFH mova:<\/p>\n<p>Ply\u0161in\u0117s movos su nuimamomis stebul\u0117mis;<br \/>\nVeleno skersmenims: 6 mm\u201340 mm;<br \/>\nSukimo momento diapazonas: 10\u2013240 Nm.<\/p>\n","protected":false},"excerpt":{"rendered":"<p>D\u0117l savo unikalios ply\u0161i\u0173 strukt\u016bros su skirtingomis kampin\u0117mis pad\u0117timis, \u0161i\u0173 mov\u0173 konstrukcija gali kompensuoti galimus velen\u0173 poslinkius ir perduoti palyginti didelius sukimo momentus kompakti\u0161ku dyd\u017eiu. Jie yra be laisvumo ir pasi\u017eymi dideliu tvirtumu, tod\u0117l dinamin\u0117se pavarose yra labai geras pad\u0117ties nustatymo tikslumas. Ner\u016bdijan\u010dio plieno versija ypa\u010d tinka maisto pramonei ir farmacijos technologijoms.<\/p>\n","protected":false},"featured_media":961,"template":"","meta":{"inline_featured_image":false,"_vp_format_video_url":"","_vp_image_focal_point":[]},"class_list":{"0":"post-960","1":"product","2":"type-product","3":"status-publish","4":"has-post-thumbnail","6":"product_cat-mufty-kbk","7":"product_cat-mufty","9":"first","10":"instock","11":"shipping-taxable","12":"product-type-simple"},"acf":[],"aioseo_notices":[],"_links":{"self":[{"href":"https:\/\/vlakita.com\/lt\/wp-json\/wp\/v2\/product\/960"}],"collection":[{"href":"https:\/\/vlakita.com\/lt\/wp-json\/wp\/v2\/product"}],"about":[{"href":"https:\/\/vlakita.com\/lt\/wp-json\/wp\/v2\/types\/product"}],"wp:featuredmedia":[{"embeddable":true,"href":"https:\/\/vlakita.com\/lt\/wp-json\/wp\/v2\/media\/961"}],"wp:attachment":[{"href":"https:\/\/vlakita.com\/lt\/wp-json\/wp\/v2\/media?parent=960"}],"curies":[{"name":"wp","href":"https:\/\/api.w.org\/{rel}","templated":true}]}}