{"id":949,"date":"2022-04-04T16:56:26","date_gmt":"2022-04-04T13:56:26","guid":{"rendered":"https:\/\/vlakita.com\/en\/?post_type=product&#038;p=949"},"modified":"2022-04-28T17:08:59","modified_gmt":"2022-04-28T14:08:59","slug":"line-shafts","status":"publish","type":"product","link":"https:\/\/vlakita.com\/lt\/product\/line-shafts\/","title":{"rendered":"Linijiniai velenai"},"content":{"rendered":"<p>DRE mova:<\/p>\n<p>Atskiros linijinio veleno stebul\u0117s su servo \u012fd\u0117klu;<br \/>\nIlgis iki 3000 mm;<br \/>\nSukimo momento diapazonas: 12,5 &#8211; 525 Nm.<\/p>\n<p>DRB mova:<\/p>\n<p>Atskiros linijinio veleno stebul\u0117s su metalin\u0117mis dumpl\u0117mis;<br \/>\nIlgis iki 3000 mm;<br \/>\nSukimo momento diapazonas: 4,5 &#8211; 500 Nm.<\/p>\n","protected":false},"excerpt":{"rendered":"<p>Naudojant KBK linijinius velenus, dideli atstumai tarp veleno gal\u0173 neb\u0117ra problema. \u0160ie linijiniai velenai gaminami vieno milimetro tikslumu pagal reikiam\u0105 ilg\u012f. Itin lengvas ir tvirtas tikslus aliuminio vamzdis prisideda prie didelio na\u0161umo. Taigi tai idealus sprendimas sinchronizuoti tiek linijinius mazgus, tiek keltuvus. \u0160is tipas, dar vadinamas varomuoju velenu, yra tiek metalinis silfonas, tiek elastomerin\u0117 \u012fvor\u0117, ta\u010diau gali b\u016bti gaminami ir vienpusiai stand\u016bs arba visi\u0161kai stand\u016bs variantai.<\/p>\n","protected":false},"featured_media":953,"template":"","meta":{"inline_featured_image":false,"_vp_format_video_url":"","_vp_image_focal_point":[]},"class_list":{"0":"post-949","1":"product","2":"type-product","3":"status-publish","4":"has-post-thumbnail","6":"product_cat-mufty-kbk","7":"product_cat-mufty","9":"first","10":"instock","11":"shipping-taxable","12":"product-type-simple"},"acf":[],"aioseo_notices":[],"_links":{"self":[{"href":"https:\/\/vlakita.com\/lt\/wp-json\/wp\/v2\/product\/949"}],"collection":[{"href":"https:\/\/vlakita.com\/lt\/wp-json\/wp\/v2\/product"}],"about":[{"href":"https:\/\/vlakita.com\/lt\/wp-json\/wp\/v2\/types\/product"}],"wp:featuredmedia":[{"embeddable":true,"href":"https:\/\/vlakita.com\/lt\/wp-json\/wp\/v2\/media\/953"}],"wp:attachment":[{"href":"https:\/\/vlakita.com\/lt\/wp-json\/wp\/v2\/media?parent=949"}],"curies":[{"name":"wp","href":"https:\/\/api.w.org\/{rel}","templated":true}]}}