{"id":744,"date":"2020-05-14T12:47:56","date_gmt":"2020-05-14T09:47:56","guid":{"rendered":"http:\/\/vlakita.com\/?post_type=product&#038;p=744"},"modified":"2020-05-14T12:50:16","modified_gmt":"2020-05-14T09:50:16","slug":"czepi-odnoryadnye-privodnye-rolikovye-8-46","status":"publish","type":"product","link":"https:\/\/vlakita.com\/lt\/product\/czepi-odnoryadnye-privodnye-rolikovye-8-46\/","title":{"rendered":"Vienos eil\u0117s velen\u0173 grandin\u0117s 8-4,6"},"content":{"rendered":"<p>Varom\u0173j\u0173 ritinini\u0173 grandini\u0173 dyd\u017eiai yra labai \u012fvair\u016bs, pradedant 8 mm \u017eingsniu ir baigiant 63,5 mm \u017eingsniu. \u0160ios grandin\u0117s yra skirtos krumpliara\u010diams ir krumpliara\u010diams valdyti. Tie ritin\u0117liai, kurie yra ant ritin\u0117li\u0173, suma\u017eina trint\u012f jungiam\u0173j\u0173 mazg\u0173 mazguose.<\/p>\n<p>\u0160ios grandin\u0117s turi special\u0173 \u017eenklinim\u0105, kuris apima grandin\u0117s tipo \u017eym\u0117jim\u0105, jos \u017eingsn\u012f, maksimali\u0105 apkrov\u0105, kuri sunaikins grandin\u0119 (\u012ftempimas), ir vykdymo tipo \u017eym\u0117jim\u0105.<\/p>\n<p>Grandin\u0117s tipas &#8211; PR. \u0160is parametras rodo, kad grandin\u0117 yra pavara. \u017dingsnis gali b\u016bti sudarytas i\u0161 sveiko skai\u010diaus arba trupmenos. Sunaikinimo apkrova nurodoma kilovatonais. Vykdymas yra parametras, kurio gali neb\u016bti grandin\u0117s \u017eym\u0117jime. Tai apib\u016bdina grandin\u0117s padengim\u0105 \u012fvairiais metalais ir grandin\u0117s apdailos b\u016bd\u0105.<\/p>\n","protected":false},"excerpt":{"rendered":"<ul>\n<li>ISO 606: 05 B-1<\/li>\n<li>Pikis (t), mm .: 8,0<\/li>\n<li>Plotis tarp vidini\u0173 plok\u0161\u010di\u0173 (b1), mm: 3,00<\/li>\n<li>Volelio skersmuo (d2), mm .: 2.31<\/li>\n<li>Volelio skersmuo (d1), mm .: 5,00<\/li>\n<li>Vidin\u0117s plok\u0161t\u0117s plotis (h), mm: 7.5<\/li>\n<li>Svoris, kg \/ 1m: 0,20<\/li>\n<\/ul>\n","protected":false},"featured_media":745,"template":"","meta":{"inline_featured_image":false,"_vp_format_video_url":"","_vp_image_focal_point":[]},"class_list":{"0":"post-744","1":"product","2":"type-product","3":"status-publish","4":"has-post-thumbnail","6":"product_cat-rolikovye-czepi","7":"product_cat-czepi-i-zvezdochki","9":"first","10":"instock","11":"shipping-taxable","12":"product-type-simple"},"acf":[],"aioseo_notices":[],"_links":{"self":[{"href":"https:\/\/vlakita.com\/lt\/wp-json\/wp\/v2\/product\/744"}],"collection":[{"href":"https:\/\/vlakita.com\/lt\/wp-json\/wp\/v2\/product"}],"about":[{"href":"https:\/\/vlakita.com\/lt\/wp-json\/wp\/v2\/types\/product"}],"wp:featuredmedia":[{"embeddable":true,"href":"https:\/\/vlakita.com\/lt\/wp-json\/wp\/v2\/media\/745"}],"wp:attachment":[{"href":"https:\/\/vlakita.com\/lt\/wp-json\/wp\/v2\/media?parent=744"}],"curies":[{"name":"wp","href":"https:\/\/api.w.org\/{rel}","templated":true}]}}