{"id":678,"date":"2020-05-13T11:30:57","date_gmt":"2020-05-13T08:30:57","guid":{"rendered":"http:\/\/vlakita.com\/?post_type=product&#038;p=678"},"modified":"2020-06-02T20:51:27","modified_gmt":"2020-06-02T17:51:27","slug":"gazovye-pruzhiny","status":"publish","type":"product","link":"https:\/\/vlakita.com\/lt\/product\/gazovye-pruzhiny\/","title":{"rendered":"Dujin\u0117s spyruokl\u0117s"},"content":{"rendered":"<p>Tvirtame, apsaugotame korpuse esan\u010dios dujin\u0117s spyruokl\u0117s yra labai atsparios korozijai.<\/p>\n<ul>\n<li>Didelis atsparumas korozijai<\/li>\n<li>Korpusas, padengtas milteliais (WM-G 8: varis)<\/li>\n<li>St\u016bmoklinis strypas, padengtas keramika<\/li>\n<li>Kietas st\u016bmoklinis strypas i\u0161 chromo (WG-G 70)<\/li>\n<li>Minimalus trinties koeficientas suteikia ma\u017eiausi\u0105 papildom\u0105 j\u0117g\u0105<\/li>\n<li>Tepimo vidus ir slankusis guolis<\/li>\n<li>Ma\u017eesn\u0117 i\u0161lau\u017eimo j\u0117ga<\/li>\n<li>Montavimo pad\u0117tis: Bet kokia<\/li>\n<li>Prie\u017ei\u016bra nemokama ir paruo\u0161ta \u012fdiegti<\/li>\n<li>Darbin\u0117 temperat\u016bra: -20 \u00b0 C &#8211; + 80 \u00b0 C (pasirinktinai: -45 \u00b0 C &#8211; + 200 \u00b0 C)<\/li>\n<li>Reguliuojama pripildymo j\u0117ga (pasirenkama)<\/li>\n<li>Kenksming\u0173 med\u017eiag\u0173 kiekis atitinka Direktyv\u0105 2002\/95 \/ EB<\/li>\n<\/ul>\n","protected":false},"excerpt":{"rendered":"<p>\u201eWeforma\u201c dujin\u0117s spyruokl\u0117s yra geriausias techninis sprendimas dangoms, gaubtams ir dang\u010diams pakelti ir nuleisti. Jie yra paklaus\u016bs bald\u0173, medicinos, aviacijos ir daugelyje kit\u0173 pramon\u0117s \u0161ak\u0173. UAB \u201eVLAKITA\u201c d\u017eiaugiasi gal\u0117dama Jums pasi\u016blyti auk\u0161tos kokyb\u0117s \u201eWeforma\u201c sklendes konkurencingomis kainomis.<\/p>\n","protected":false},"featured_media":792,"template":"","meta":{"inline_featured_image":false,"_vp_format_video_url":"","_vp_image_focal_point":[]},"class_list":{"0":"post-678","1":"product","2":"type-product","3":"status-publish","4":"has-post-thumbnail","6":"product_cat-zapasnye-chasti-dlya-burovyh-nasosov","8":"first","9":"instock","10":"shipping-taxable","11":"product-type-simple"},"acf":[],"aioseo_notices":[],"_links":{"self":[{"href":"https:\/\/vlakita.com\/lt\/wp-json\/wp\/v2\/product\/678"}],"collection":[{"href":"https:\/\/vlakita.com\/lt\/wp-json\/wp\/v2\/product"}],"about":[{"href":"https:\/\/vlakita.com\/lt\/wp-json\/wp\/v2\/types\/product"}],"wp:featuredmedia":[{"embeddable":true,"href":"https:\/\/vlakita.com\/lt\/wp-json\/wp\/v2\/media\/792"}],"wp:attachment":[{"href":"https:\/\/vlakita.com\/lt\/wp-json\/wp\/v2\/media?parent=678"}],"curies":[{"name":"wp","href":"https:\/\/api.w.org\/{rel}","templated":true}]}}