{"id":632,"date":"2020-05-11T14:50:11","date_gmt":"2020-05-11T11:50:11","guid":{"rendered":"http:\/\/vlakita.com\/?post_type=product&#038;p=632"},"modified":"2022-04-26T16:50:22","modified_gmt":"2022-04-26T13:50:22","slug":"632","status":"publish","type":"product","link":"https:\/\/vlakita.com\/lt\/product\/632\/","title":{"rendered":"Pavar\u0173 jungtys"},"content":{"rendered":"<p>Specifikacijos:<\/p>\n<p>Dyd\u017ei\u0173 diapazonas: nuo 1250 iki 125000;<\/p>\n<p>Vardinis sukimo momentas: nuo 12500 iki 1250000 Nm.<\/p>\n<p>Med\u017eiagos:<br \/>\nStebul\u0117: gr\u016bdintas plienas Re \u2265 380 MPa;<br \/>\nMova: gr\u016bdintas plienas Re \u2265 350 MPa;<br \/>\nSumontuoti var\u017etai: stiprumo klas\u0117 8.8.<\/p>\n<p>Tepalas.<br \/>\nKaip tepalas rekomenduojamas EP tepalas, skirtas ried\u0117jimo guoliams arba pavar\u0173 d\u0117\u017e\u0117ms:<\/p>\n<p>\u2022 Konsistencija pagal DIN 51 818: NLGI klas\u0117 0 arba 1;<\/p>\n<p>\u2022 \u017dym\u0117jimas pagal DIN 51 502: KP 0, (1) arba GP 0, (1).<\/p>\n<p>Balansavimo b\u016bsena.<br \/>\nBalansavimo kokyb\u0117: Q16 kokyb\u0117s klas\u0117 atskiroms dalims be plunksnos rakto. Balansavimo kokyb\u0117s atskaitos greitis yra 1500 min-1.<br \/>\nPagal pageidavim\u0105 galimos ir kitos balansavimo savyb\u0117s.<br \/>\nNorint pasiekti geresn\u012f kokyb\u0117s lyg\u012f, reikia nurodyti veikimo greit\u012f ir suderinti plunksninio rakto balansavim\u0105 pagal DIN ISO 8821 (geriausia, kad atitikt\u0173 pusplunksnin\u012f rakt\u0105).<\/p>\n<p>\u012evertinimai galioja \u0161ioms parai\u0161kos s\u0105lygoms:<\/p>\n<p>\u2022 skland\u017eiai veikia;<\/p>\n<p>\u2022 paleidim\u0173 skai\u010dius \u2013 iki 30 kart\u0173 per valand\u0105 su maksimaliu sukimo momentu;<\/p>\n<p>\u2022 aplinkos temperat\u016bra nuo -20 \u00b0\u0421 iki +80 \u00b0\u0421;<\/p>\n<p>\u2022 kiekvienos \u0161arnyrin\u0117s plok\u0161tumos kampiniai poslinkiai iki 0,2\u00b0.<\/p>\n<p>ZAKU-N serija skiriasi:<\/p>\n<p>\u2022 didelis galios tankis;<\/p>\n<p>\u2022 sukimo momento diapazonas nuo 12 500 iki 1 250 000 Nm;<\/p>\n<p>\u2022 leistinas kampinis poslinkis iki \u0394Kw = 1,25\u00b0;<\/p>\n<p>\u2022 skirting\u0173 atstum\u0173 iki stebul\u0117s \u012fgyvendinimas permontuojant vien\u0105 arba abi stebules;<\/p>\n<p>\u2022 ma\u017eos prie\u017ei\u016bros i\u0161laidos;<\/p>\n<p>\u2022 paprastas \u012frenginys.<\/p>\n<p>Gali b\u016bti pasi\u016blyti \u0161ie special\u016bs dizainai:<\/p>\n<p>\u2022 vykdymas su tarpine dalimi arba tarpiniu elementu;<\/p>\n<p>\u2022 vykdymas su stabd\u017ei\u0173 disku arba su stabd\u017ei\u0173 b\u016bgnu;<\/p>\n<p>\u2022 versija su ribota a\u0161ine pro\u0161vaisa;<\/p>\n<p>\u2022 vykdymas su saugos elementais;<\/p>\n<p>\u2022 versija su radialiai kei\u010diamu sandarikliu (modelis WD);<\/p>\n<p>\u2022 versija su vienpuse pavara;<\/p>\n<p>\u2022 versija, skirta sprogiai aplinkai<\/p>\n<p>II 2 GD 120 \u00b0C (T4) -20 \u00b0C \u2264 Ta \u2264 +60 \u00b0C;<\/p>\n<p>\u2022 specialios formos dideliems grei\u010diams su tepalin\u0117s alyvos \u012fpur\u0161kimu;<\/p>\n<p>\u2022 specialios formos vertikaliam \u012fterpimui;<\/p>\n<p>\u2022 sunkus vykdymas d\u0117l padidint\u0173 sukimo moment\u0173;<\/p>\n<p>\u2022 krumpliara\u010di\u0173 mov\u0173 versijos pagal KWN 21006 ir 21007;<\/p>\n<p>\u2022 kitos egzekucijos pagal pra\u0161ym\u0105.<\/p>\n","protected":false},"excerpt":{"rendered":"<p>Pavar\u0173 movos yra kineti\u0161kai u\u017efiksuotos, sukimo stand\u017eios movos, skirtos sukimo momentui perduoti. Stebul\u0117s jungiamos plunksniniais raktais, dantytais velenais arba presavimo jungiamosiomis detal\u0117mis prie darbo ma\u0161in\u0173. Stebul\u0117s pavar\u0173 perjungimas atliekamas sujungimo su statin\u0117s formos dantimis forma. Danties storis ma\u017e\u0117ja atsi\u017evelgiant \u012f danties plo\u010dio padid\u0117jim\u0105. Krumpliaratis su statin\u0117s formos dantimis leid\u017eia svyruoti sukimosi plok\u0161tumoje su nedideliu atst\u016bmimu. Ma\u017eo danties tarpo ir krumpliara\u010dio centravimo derinys leid\u017eia skland\u017eiai veikti visame grei\u010dio ir sukimo momento diapazone.<br \/>\nMovos versijoje su dviem universaliosiomis jungtimis (dviem \u0161arnyrin\u0117mis plok\u0161tumomis) gali kompensuoti radialin\u012f, kampin\u012f ir a\u0161in\u012f veleno poslink\u012f.<br \/>\nTepimas garantuoja ma\u017eas prie\u017ei\u016bros i\u0161laidas ir ilg\u0105 tarnavimo laik\u0105. Riebalais u\u017epildytai movos erdvei sandarinti naudojami sandarinimo \u017eiedai arba dvigubos apykakl\u0117s rankogaliai.<br \/>\nGalimos \u012fvairi\u0173 dyd\u017ei\u0173 ir modeli\u0173 krumpliara\u010di\u0173 movos.<br \/>\nKupplungswerk Dresden turi ilgamet\u0119 patirt\u012f kuriant ir gaminant specialias krumpliara\u010di\u0173 movas, skirtas \u012fvairioms reikm\u0117ms.<\/p>\n<p>Modeliai:<br \/>\nmodelis A: standartinis;<br \/>\nmodelis B: stabdymo disko versija;<br \/>\nmodelis C: versija su ribota a\u0161ine pro\u0161vaisa;<br \/>\nmodelis S: versija su bendraa\u0161iu stabd\u017ei\u0173 disku;<br \/>\nmodelis H: vykdymas su tarpiniu elementu;<br \/>\nmodelis U: versija su integruota rankove.<\/p>\n","protected":false},"featured_media":1036,"template":"","meta":{"inline_featured_image":false,"_vp_format_video_url":"","_vp_image_focal_point":[]},"class_list":{"0":"post-632","1":"product","2":"type-product","3":"status-publish","4":"has-post-thumbnail","6":"product_cat-mufty-kwd","7":"product_cat-mufty","9":"first","10":"instock","11":"shipping-taxable","12":"product-type-simple"},"acf":[],"aioseo_notices":[],"_links":{"self":[{"href":"https:\/\/vlakita.com\/lt\/wp-json\/wp\/v2\/product\/632"}],"collection":[{"href":"https:\/\/vlakita.com\/lt\/wp-json\/wp\/v2\/product"}],"about":[{"href":"https:\/\/vlakita.com\/lt\/wp-json\/wp\/v2\/types\/product"}],"wp:featuredmedia":[{"embeddable":true,"href":"https:\/\/vlakita.com\/lt\/wp-json\/wp\/v2\/media\/1036"}],"wp:attachment":[{"href":"https:\/\/vlakita.com\/lt\/wp-json\/wp\/v2\/media?parent=632"}],"curies":[{"name":"wp","href":"https:\/\/api.w.org\/{rel}","templated":true}]}}