{"id":628,"date":"2020-05-11T14:38:09","date_gmt":"2020-05-11T11:38:09","guid":{"rendered":"http:\/\/vlakita.com\/?post_type=product&#038;p=628"},"modified":"2022-04-28T17:41:52","modified_gmt":"2022-04-28T14:41:52","slug":"bez-zazornye-silfonnye-metallicheskie-soedinitelnye-mufty-serii-kb","status":"publish","type":"product","link":"https:\/\/vlakita.com\/lt\/product\/bez-zazornye-silfonnye-metallicheskie-soedinitelnye-mufty-serii-kb\/","title":{"rendered":"KB serijos be ekranuot\u0173 silfonini\u0173 metalini\u0173 mov\u0173"},"content":{"rendered":"<p>Produkt\u0173 asortimentas:<\/p>\n<p>KB1 mova:<\/p>\n<p>Miniati\u016brin\u0117 metalin\u0117 silfonin\u0117 mova su var\u017etais;<br \/>\nVeleno skersmuo: 1 &#8211; 34 mm;<br \/>\nSukimo momento diapazonas: 0,05 &#8211; 30 Nm.<\/p>\n<p>KB1P mova:<\/p>\n<p>Miniati\u016brin\u0117 metalin\u0117 silfonin\u0117 mova, \u012fmontuota a\u0161ine kryptimi;<br \/>\nVeleno skersmuo: 3 &#8211; 25 mm;<br \/>\nSukimo momento diapazonas: 0,5 &#8211; 10 Nm.<\/p>\n<p>KB2 mova:<\/p>\n<p>Miniati\u016brin\u0117 metalin\u0117 silfonin\u0117 mova su \u012fvor\u0117mis;<br \/>\nVeleno skersmuo: 1 &#8211; 25 mm;<br \/>\nSukimo momento diapazonas: 0,1 &#8211; 10 Nm.<\/p>\n<p>KB2H mova:<\/p>\n<p>Miniati\u016brin\u0117 metalin\u0117 silfonin\u0117 mova su padalintomis stebul\u0117mis;<br \/>\nVeleno skersmuo: 3 &#8211; 25 mm;<br \/>\nSukimo momento diapazonas: 0,5 &#8211; 10 Nm.<\/p>\n<p>KB2P mova:<\/p>\n<p>Miniati\u016brin\u0117 metalin\u0117 silfonin\u0117 mova su ner\u016bdijan\u010dio plieno \u012fvor\u0117mis;<br \/>\nVeleno skersmuo: 3 &#8211; 25 mm;<br \/>\nSukimo momento diapazonas: 0,5 &#8211; 10 Nm.<\/p>\n<p>KB2VA mova:<\/p>\n<p>Miniati\u016brin\u0117 metalin\u0117 silfonin\u0117 mova su ner\u016bdijan\u010dio plieno \u012fvor\u0117mis;<br \/>\nVeleno skersmuo: 1 &#8211; 25 mm;<br \/>\nSukimo momento diapazonas: 0,1 &#8211; 10 Nm.<\/p>\n<p>KB3 mova:<\/p>\n<p>Miniati\u016brin\u0117 metalin\u0117 silfonin\u0117 mova su plat\u0117jan\u010diais nasrais;<br \/>\nVeleno skersmuo: 3 &#8211; 25 mm;<br \/>\nSukimo momento diapazonas: 0,5 &#8211; 10 Nm.<\/p>\n<p>KB3P mova:<\/p>\n<p>Miniati\u016brin\u0117 metalin\u0117 silfonin\u0117 mova su besiple\u010dian\u010diais nasrais, \u012fmontuota a\u0161ine kryptimi;<br \/>\nVeleno skersmuo: 3 &#8211; 25 mm;<br \/>\nSukimo momento diapazonas: 0,5 &#8211; 10 Nm.<\/p>\n<p>KB4 mova:<\/p>\n<p>Metalin\u0117 silfonin\u0117 mova su \u012fvor\u0117mis;<br \/>\nVeleno skersmuo: 10 &#8211; 80 mm;<br \/>\nSukimo momento diapazonas: 18 &#8211; 1400 Nm.<\/p>\n<p>KB4AL mova:<\/p>\n<p>Metalin\u0117 silfonin\u0117 mova su \u012fvor\u0117mis;<br \/>\nVeleno skersmuo: 10 &#8211; 70 mm;<br \/>\nSukimo momento diapazonas: 18 &#8211; 500 Nm.<\/p>\n<p>KB4C mova:<\/p>\n<p>Metalin\u0117 silfonin\u0117 mova su \u012fvor\u0117mis, kompakti\u0161ka;<br \/>\nVeleno skersmuo: 10 &#8211; 70 mm;<br \/>\nSukimo momento diapazonas: 18 &#8211; 500 Nm.<\/p>\n<p>KB4F mova:<\/p>\n<p>Metalin\u0117 silfonin\u0117 mova flan\u0161iniam tvirtinimui;<br \/>\nVeleno skersmuo: 10 &#8211; 80 mm;<br \/>\nSukimo momento diapazonas: 18 &#8211; 1400 Nm.<\/p>\n<p>KB4FA mova:<\/p>\n<p>Metalin\u0117 silfonin\u0117 mova su adapterio flan\u0161u;<br \/>\nVeleno skersmuo: 10 &#8211; 80 mm;<br \/>\nSukimo momento diapazonas: 18 &#8211; 1400 Nm.<\/p>\n<p>KB4H mova:<\/p>\n<p>Metalin\u0117 silfonin\u0117 mova su padalintomis stebul\u0117mis;<br \/>\nVeleno skersmuo: 10 &#8211; 80 mm;<br \/>\nSukimo momento diapazonas: 18 &#8211; 1400 Nm.<\/p>\n<p>KB4HC mova:<\/p>\n<p>Metalin\u0117 silfonin\u0117 mova su padalintomis stebul\u0117mis;<br \/>\nVeleno skersmuo: 10 &#8211; 70 mm;<br \/>\nSukimo momento diapazonas: 18 &#8211; 500 Nm.<\/p>\n<p>KB4K mova:<\/p>\n<p>Metalin\u0117 silfonin\u0117 mova su \u012fvor\u0117mis;<br \/>\nVeleno skersmuo: 10 &#8211; 70 mm;<br \/>\nSukimo momento diapazonas: 40 &#8211; 1500 Nm.<\/p>\n<p>KB4LV mova:<\/p>\n<p>Tobulai reguliuojama sankaba;<br \/>\nVeleno skersmuo: 10 &#8211; 70 mm;<br \/>\nSukimo momento diapazonas: 18 &#8211; 500 Nm.<\/p>\n<p>KB4P \u200b\u200bmova:<\/p>\n<p>Metalin\u0117s silfonin\u0117s movos a\u0161inis ki\u0161tukas;<br \/>\nVeleno skersmuo: 10 &#8211; 70 mm;<br \/>\nSukimo momento diapazonas: 18 &#8211; 500 Nm.<\/p>\n<p>KB4VA mova:<\/p>\n<p>Metalin\u0117 silfonin\u0117 mova su ner\u016bdijan\u010dio plieno \u012fvor\u0117mis;<br \/>\nVeleno skersmuo: 10 &#8211; 70 mm;<br \/>\nSukimo momento diapazonas: 18 &#8211; 500 Nm.<\/p>\n<p>KB5 mova:<\/p>\n<p>Metalin\u0117 silfonin\u0117 mova su vidin\u0117mis k\u016bgin\u0117mis stebul\u0117mis;<br \/>\nVeleno skersmuo: 10 &#8211; 90 mm;<br \/>\nSukimo momento diapazonas: 18 &#8211; 5000 Nm.<\/p>\n<p>KB6 mova:<\/p>\n<p>Metalin\u0117 silfonin\u0117 mova su i\u0161orin\u0117mis k\u016bgin\u0117mis stebul\u0117mis;<br \/>\nVeleno skersmuo: 8 &#8211; 90 mm;<br \/>\nSukimo momento diapazonas: 18 &#8211; 5000 Nm.<\/p>\n<p>KB6P mova:<\/p>\n<p>Metalin\u0117 silfonin\u0117 mova su i\u0161orine k\u016bgine stebule, a\u0161iniu b\u016bdu \u012fjungiama;<br \/>\nVeleno skersmuo: 8 &#8211; 60 mm;<br \/>\nSukimo momento diapazonas: 18 &#8211; 500 Nm.<\/p>\n<p>KB7 mova:<\/p>\n<p>Metalin\u0117 silfonin\u0117 mova flan\u0161iniam tvirtinimui;<br \/>\nVeleno skersmuo: 22 &#8211; 100 mm;<br \/>\nSukimo momento diapazonas: 18 &#8211; 5000 Nm.<\/p>\n<p>KB8 mova:<\/p>\n<p>Metalin\u0117 silfonin\u0117 mova su besiple\u010dian\u010diais spaustukais;<br \/>\nVeleno skersmuo: 10 &#8211; 60 mm;<br \/>\nSukimo momento diapazonas: 18 &#8211; 500 Nm.<\/p>\n<p>KB8P mova:<\/p>\n<p>Metalin\u0117 silfonin\u0117 mova su besiple\u010dian\u010diomis apykakl\u0117mis, a\u0161ine jungiama;<br \/>\nVeleno skersmuo: 10 &#8211; 60 mm;<br \/>\nSukimo momento diapazonas: 18 &#8211; 500 Nm.<\/p>\n","protected":false},"excerpt":{"rendered":"<p>Metalin\u0117s silfonin\u0117s movos yra geriausias pasirinkimas visoms reikm\u0117ms, kurioms reikalingas labai dinaminis pad\u0117ties nustatymas: klasikinis pritaikymas yra servo pavarose. Jie pasi\u017eymi visi\u0161ku veikimu be laisvumo ir dideliu sukimo stiprumu. Lengva prie\u017ei\u016bra, atsparumas nuovargiui ir ma\u017eos atk\u016brimo j\u0117gos netinkamo i\u0161lyginimo atveju papildo silfonin\u0117s movos prana\u0161umus. Modulin\u0117 sistema suteikia neprilygstam\u0105 pasirinkim\u0173 \u012fvairov\u0119, tod\u0117l galite rasti tinkam\u0105 jungt\u012f beveik bet kokiai gamybos situacijai.<\/p>\n","protected":false},"featured_media":982,"template":"","meta":{"inline_featured_image":false,"_vp_format_video_url":"","_vp_image_focal_point":[]},"class_list":{"0":"post-628","1":"product","2":"type-product","3":"status-publish","4":"has-post-thumbnail","6":"product_cat-mufty-kbk","7":"product_cat-mufty","9":"first","10":"instock","11":"shipping-taxable","12":"product-type-simple"},"acf":[],"aioseo_notices":[],"_links":{"self":[{"href":"https:\/\/vlakita.com\/lt\/wp-json\/wp\/v2\/product\/628"}],"collection":[{"href":"https:\/\/vlakita.com\/lt\/wp-json\/wp\/v2\/product"}],"about":[{"href":"https:\/\/vlakita.com\/lt\/wp-json\/wp\/v2\/types\/product"}],"wp:featuredmedia":[{"embeddable":true,"href":"https:\/\/vlakita.com\/lt\/wp-json\/wp\/v2\/media\/982"}],"wp:attachment":[{"href":"https:\/\/vlakita.com\/lt\/wp-json\/wp\/v2\/media?parent=628"}],"curies":[{"name":"wp","href":"https:\/\/api.w.org\/{rel}","templated":true}]}}