{"id":1024,"date":"2022-04-22T18:25:37","date_gmt":"2022-04-22T15:25:37","guid":{"rendered":"https:\/\/vlakita.com\/en\/?post_type=product&#038;p=1024"},"modified":"2022-04-27T18:51:04","modified_gmt":"2022-04-27T15:51:04","slug":"diaphragm-couplings-mem","status":"publish","type":"product","link":"https:\/\/vlakita.com\/lt\/product\/diaphragm-couplings-mem\/","title":{"rendered":"Membranin\u0117s movos MEM"},"content":{"rendered":"<p>Apibr\u0117\u017eimas ir technin\u0117s savyb\u0117s.<br \/>\nDiafragmin\u0117s movos yra sukimo at\u017evilgiu stand\u017eios, sukimo lanks\u010dios movos, skirtos sukimo moment\u0173 perdavimui be laisvumo, tod\u0117l galima kompensuoti a\u0161inius ir kampinius poslinkius, o dvigubo kardaninio modelio versijoje \u2013 ir radialin\u012f poslink\u012f.<br \/>\nPasteb\u0117jus leistinus veleno poslinkius, diafragmin\u0117 mova yra atspari nuovargiui, nesusid\u0117vi ir nereikalauja prie\u017ei\u016bros.<br \/>\nDiafragmin\u0117s jungtys yra tinkamiausias sprendimas kritin\u0117ms reikm\u0117ms su dideliu sukimo momentu ir dideliu grei\u010diu.<\/p>\n<p>Pagrindinis membranos movos \u012ftaisas.<br \/>\nKiekviena diafragmos mova susideda i\u0161 judamosios diafragmos ir dviej\u0173 i\u0161orinio ir vidinio skersmens sujungimo ta\u0161k\u0173. Jungiamieji elementai gali b\u016bti suprojektuoti kaip vidin\u0117 arba i\u0161orin\u0117 stebul\u0117, taip pat flan\u0161as. Diafragma gali b\u016bti naudojama vienu b\u016bdu, ta\u010diau, jei norima kompensuoti didesn\u012f veleno poslink\u012f, reikia pasirinkti daugialyp\u012f i\u0161d\u0117stym\u0105. Norint kompensuoti radialin\u012f poslink\u012f, reikalingos bent dvi membranos plok\u0161tumos. Tarpinio elemento pagalba atstumas tarp atram\u0173 gali b\u016bti priderintas prie montavimo s\u0105lyg\u0173. Priklausomai nuo naudojimo, tarpinis elementas su diafragma jungiamas tiesiogiai elektroniniu suvirinimu arba sraigtine jungtimi. Tinkamai parinkus membranos dyd\u012f ir kont\u016br\u0105 bei tarpinio elemento ilg\u012f, elastingumas, stabilizuojan\u010dios j\u0117gos ir poslinkiai gali b\u016bti optimaliai priderinti prie konkre\u010di\u0173 individuali\u0173 atvej\u0173.<\/p>\n<p>Auk\u0161\u010diausia sauga ir prieinamumas j\u016bs\u0173 gamyklai.<br \/>\nD\u0117l formos nedidelis mazg\u0173 ir sujungimo ta\u0161k\u0173 skai\u010dius suma\u017eina gedimo tikimyb\u0119 iki minimumo. D\u0117l savo formos, atsparumo dilimui ir ma\u017e\u0173 prie\u017ei\u016bros reikalavim\u0173, taip pat d\u0117l \u200b\u200bnuovargio konstrukcijos, diafragmin\u0117 mova yra auk\u0161\u010diausias j\u016bs\u0173 \u012frengimo saugumo ir prieinamumo laipsnis.<\/p>\n<p>Labai ma\u017eos gyvavimo ciklo i\u0161laidos.<br \/>\nD\u0117l technini\u0173 savybi\u0173 ir labai didelio prieinamumo diafragmin\u0117 mova pasi\u017eymi labai ma\u017eomis gyvavimo ciklo s\u0105naudomis.<\/p>\n<p>Tipi\u0161kas pritaikymas:<br \/>\n&#8211; duj\u0173 ir garo turbinos;<br \/>\n&#8211; siurbliai;<br \/>\n&#8211; kompresoriai;<br \/>\n&#8211; kondensatoriai;<br \/>\n&#8211; p\u016bstuvai;<br \/>\n&#8211; generatoriai;<br \/>\n&#8211; bandym\u0173 stendai;<br \/>\n&#8211; laiv\u0173 va\u017eiavimai;<br \/>\n&#8211; gele\u017einkeli\u0173 pavaros;<br \/>\n&#8211; statybin\u0117s technikos pavaros;<br \/>\n&#8211; vieno guoli\u0173 varikliai.<\/p>\n<p>Privalumai kuriant darbo grup\u0119:<br \/>\n&#8211; labai dideli sukimo momentai ir grei\u010diai;<br \/>\n&#8211; labai didelis balansavimo tikslumas;<br \/>\n&#8211; labai didel\u0117 specifin\u0117 galia;<br \/>\n&#8211; Labai didelis temperat\u016bros diapazonas pritaikymui;<br \/>\n&#8211; sukimosi-dinamini\u0173 charakteristik\u0173 parinkimas pagal darbo grup\u0117s reikalavimus;<br \/>\n&#8211; nusakomos stabilizuojan\u010dios j\u0117gos ir lenkimo momentai;<br \/>\n&#8211; ma\u017eas svyravimo momentas;<br \/>\n&#8211; labai nedideli elastingumo poky\u010diai d\u0117l gyvavimo ciklo ir temperat\u016bros;<br \/>\n&#8211; nedideli v\u0117dinimo nuostoliai;<br \/>\n&#8211; ne\u017eymus triuk\u0161mo generavimas;<br \/>\n&#8211; atsparumas korozijai;<br \/>\n&#8211; ma\u017eas \u0161ilumos i\u0161sklaidymas;<br \/>\n&#8211;\u00a0 Tolygus \u012ftempimo pasiskirstymas pagal membranos kont\u016br\u0105.<\/p>\n<p>Privalumai vartotojui:<br \/>\n&#8211; auk\u0161\u010diausias saugumas ir prieinamumas;<br \/>\n&#8211; ilgas gyvavimo ciklas laikantis leistin\u0173 poslinki\u0173;<br \/>\n&#8211; joki\u0173 dinamini\u0173 charakteristik\u0173 poky\u010di\u0173, priklausomai nuo gyvavimo ciklo ir temperat\u016bros;<br \/>\n&#8211; radialinis movos i\u0161montavimas ir surinkimas neperjungiant pavaros ir varom\u0173 velen\u0173;<br \/>\n&#8211; tylus b\u0117gimas;<br \/>\n&#8211; nereikia tepti.<\/p>\n<p>Specialios egzekucijos:<br \/>\n&#8211; vykdymas pagal API 610 ir API 671 (ISO 10441);<br \/>\n&#8211; naudoti sprogioje aplinkoje (pagal Gamybos direktyv\u0105 ATEX 94\/9\/EG);<br \/>\n&#8211; a\u0161inio tarpo apribojimas;<br \/>\n&#8211; izoliuota elektra;<br \/>\n&#8211; integruota apsauga nuo perkrovos;<br \/>\n&#8211; tarpinio elemento gaudymo \u012ftaisas;<br \/>\n&#8211; kliento pageidavimu atlikimas su vibracijos optimizavimu.<\/p>\n<p>Skirtumai nuo plienin\u0117s plok\u0161t\u0117s movos:<br \/>\n&#8211; dinami\u0161kai stabilus d\u0117l standesnio tipo movos;<br \/>\n&#8211; pasiekiamas didesnis greitis;<br \/>\n&#8211; trinties korozijos nebuvimas, susid\u0117v\u0117jimo nebuvimas;<br \/>\n&#8211; did\u017eiausias balansavimo tikslumas ir balansavimo pakartojamumas;<br \/>\n&#8211; patobulintas sukimo momento\/dyd\u017eio santykis;<br \/>\n&#8211; kelios dalys.<\/p>\n","protected":false},"excerpt":{"rendered":"<p>Daugiau nei du de\u0161imtme\u010dius KVD tiekia \u012fvairi\u0173 konstrukcij\u0173 diafragmines jungtis \u012fvairioms reikm\u0117ms.<br \/>\nAtsi\u017evelgiant \u012f specifin\u012f pritaikym\u0105 ir kliento reikalavimus, membrana apskai\u010diuojama naudojant speciali\u0105 programin\u0119 \u012frang\u0105 pagal projekto specifik\u0105, optimizuojama ir suprojektuota pagal baigtini\u0173 element\u0173 metod\u0105, o in\u017einieriai gali pasitelkti daugyb\u0119 patikrint\u0173 konstrukcij\u0173. Tokiu b\u016bdu u\u017etikriname, kad ne tik gausite optimali\u0105, pagal j\u016bs\u0173 poreikius pritaikyt\u0105 mov\u0105, bet ir kad k\u016brimo ir projektavimo procesas b\u016bt\u0173 greitas ir ekonomi\u0161kas. Visos movos gaminamos Drezdeno gamykloje naudojant naujausi\u0105 \u012frang\u0105 ir, jei reikia, i\u0161bandomos prie\u0161 i\u0161siun\u010diant.<\/p>\n<p>Tipai:<\/p>\n<p>&#8211; turbokompresoriaus dvigubos membranos jungtis pagal API 671;<\/p>\n<p>&#8211; 4 diafragm\u0173 elektroniniu b\u016bdu suvirinta duj\u0173 turbinos mova;<\/p>\n<p>&#8211; viena membrana sankaba vienguoliams generatoriams;<\/p>\n<p>&#8211; elektroni\u0161kai suvirinta dviguba membrana su priekiniais dantimis gele\u017einkelio pavaroms;<\/p>\n<p>&#8211; elektroniniu b\u016bdu suvirinta 4 diafragm\u0173 sankaba, skirta didelio grei\u010dio pavaroms (95 000 min-1);<\/p>\n<p>&#8211; mova su dviem diafragmomis, skirta \u012fjungti turbininiai kompresoriai;<\/p>\n<p>&#8211; 4 diafragm\u0173 mova su apsauga nuo perkrovos gele\u017einkelio pavaroms;<\/p>\n<p>&#8211; nuimama, besisukanti lanksti mova su dviem membranomis gele\u017einkeli\u0173 pavaroms.<\/p>\n","protected":false},"featured_media":1027,"template":"","meta":{"inline_featured_image":false,"_vp_format_video_url":"","_vp_image_focal_point":[]},"class_list":{"0":"post-1024","1":"product","2":"type-product","3":"status-publish","4":"has-post-thumbnail","6":"product_cat-mufty-kwd","7":"product_cat-mufty","9":"first","10":"instock","11":"shipping-taxable","12":"product-type-simple"},"acf":[],"aioseo_notices":[],"_links":{"self":[{"href":"https:\/\/vlakita.com\/lt\/wp-json\/wp\/v2\/product\/1024"}],"collection":[{"href":"https:\/\/vlakita.com\/lt\/wp-json\/wp\/v2\/product"}],"about":[{"href":"https:\/\/vlakita.com\/lt\/wp-json\/wp\/v2\/types\/product"}],"wp:featuredmedia":[{"embeddable":true,"href":"https:\/\/vlakita.com\/lt\/wp-json\/wp\/v2\/media\/1027"}],"wp:attachment":[{"href":"https:\/\/vlakita.com\/lt\/wp-json\/wp\/v2\/media?parent=1024"}],"curies":[{"name":"wp","href":"https:\/\/api.w.org\/{rel}","templated":true}]}}