{"id":1004,"date":"2022-04-14T16:12:01","date_gmt":"2022-04-14T13:12:01","guid":{"rendered":"https:\/\/vlakita.com\/en\/?post_type=product&#038;p=1004"},"modified":"2022-04-27T19:16:17","modified_gmt":"2022-04-27T16:16:17","slug":"high-flexible-clutches-hesk","status":"publish","type":"product","link":"https:\/\/vlakita.com\/lt\/product\/high-flexible-clutches-hesk\/","title":{"rendered":"Labai lanks\u010dios HESK movos"},"content":{"rendered":"<p>Specifikacijos:<\/p>\n<p>Dyd\u017ei\u0173 diapazonas: nuo HESK 140 iki HESK 380;<\/p>\n<p>Vardinio sukimo momento diapazonas: nuo 6,50 iki 152 kNm.<\/p>\n<p>Med\u017eiaga: specialus gumos mi\u0161inys NR pagrindu;<\/p>\n<p>metalin\u0117s dalys: pageidautina EN-GJS-400-15U DIN EN 1563, C45;<br \/>\nalternatyvios med\u017eiagos gamintojo pasirinkimu.<\/p>\n<p>Balansavimo kokyb\u0117: atskiri vienetai, i\u0161skyrus labai elastingus elementus, yra dinami\u0161kai subalansuoti su Q 6.3 esant nmax.<\/p>\n<p>Pavir\u0161iai: Neapdoroti liejiniai pavir\u0161iai gruntuoti, apdirbti pavir\u0161iai padengti antikoroziniu va\u0161ku.<\/p>\n<p>Pri\u0117mimas: susitarus galimas pristatymas su Klasifikacin\u0117s \u012fmon\u0117s Pa\u017eyma.<\/p>\n<p>Raktas:<br \/>\nP1 &#8211; vienas raktas pagal DIN 6885 Bl. vienas;<br \/>\nP2 &#8211; du grioveliai pagal DIN 6885 Bl.1, poslinkiai 120\u00b0;<br \/>\nP3 &#8211; du grioveliai pagal DIN 6885 Bl.1, poslinkiai 180\u00b0.<\/p>\n","protected":false},"excerpt":{"rendered":"<p>Labai lanks\u010di\u0173 HESK mov\u0173 technin\u0117s savyb\u0117s:<\/p>\n<p>&#8211; dviej\u0173 k\u016bgi\u0173 frikcin\u0117s sankabos ir labai elastingos sankabos derinys;<br \/>\n&#8211; tu\u0161\u010diosios eigos sukimo moment\u0173 nebuvimas, nes i\u0161jungus sankab\u0105 visi\u0161kai atsiskiria pagrindin\u0117 ir antrin\u0117 sankabos dalys;<br \/>\n&#8211; labai elastingi sukabinimo elementai spyruoklinio \u017eiedo pavidalu, kaip jungtis tarp gumos ir metalo, i\u0161siskiriantys vienodai \u012ftemptu skerspj\u016bviu, taip pat besisukantys be a\u0161ini\u0173 j\u0117g\u0173;<br \/>\n&#8211; jis standarti\u0161kai tiekiamas i\u0161 trij\u0173 tip\u0173 standumo gumos:<br \/>\nW (mink\u0161tas), M (vidutinis) ir H (kietas), kad b\u016bt\u0173 pasiektas optimalus perdavimo nat\u016brali\u0173 sukimosi da\u017eni\u0173 atitikimas.<br \/>\n&#8211; naudojimo temperat\u016bros diapazonas nuo +5 \u00b0C iki +80 \u00b0C;<br \/>\n&#8211; pneumatinis aktyvavimo procesas (valdomas).<\/p>\n","protected":false},"featured_media":1005,"template":"","meta":{"inline_featured_image":false,"_vp_format_video_url":"","_vp_image_focal_point":[]},"class_list":{"0":"post-1004","1":"product","2":"type-product","3":"status-publish","4":"has-post-thumbnail","6":"product_cat-mufty-kwd","7":"product_cat-mufty","9":"first","10":"instock","11":"shipping-taxable","12":"product-type-simple"},"acf":[],"aioseo_notices":[],"_links":{"self":[{"href":"https:\/\/vlakita.com\/lt\/wp-json\/wp\/v2\/product\/1004"}],"collection":[{"href":"https:\/\/vlakita.com\/lt\/wp-json\/wp\/v2\/product"}],"about":[{"href":"https:\/\/vlakita.com\/lt\/wp-json\/wp\/v2\/types\/product"}],"wp:featuredmedia":[{"embeddable":true,"href":"https:\/\/vlakita.com\/lt\/wp-json\/wp\/v2\/media\/1005"}],"wp:attachment":[{"href":"https:\/\/vlakita.com\/lt\/wp-json\/wp\/v2\/media?parent=1004"}],"curies":[{"name":"wp","href":"https:\/\/api.w.org\/{rel}","templated":true}]}}